{"id":5415,"date":"2025-12-01T09:15:58","date_gmt":"2025-12-01T01:15:58","guid":{"rendered":"https:\/\/www.rxgloves.com\/?page_id=5415"},"modified":"2026-01-21T14:55:58","modified_gmt":"2026-01-21T06:55:58","slug":"gants-pour-hommes","status":"publish","type":"page","link":"https:\/\/www.rxgloves.com\/fr\/products\/mens-gloves\/","title":{"rendered":"Men\u2019s Gloves"},"content":{"rendered":"<p><!-- RX Gloves Product Catalog Section Start --><\/p>\n<style>\n    \/* --- \u5c40\u90e8\u6837\u5f0f\u9694\u79bb --- *\/\n    .rx-catalog-section {\n        font-family: \"Helvetica Neue\", Helvetica, Arial, sans-serif;\n        padding: 80px 20px;\n        background-color: #f9f9f9; \/* \u6d45\u7070\u80cc\u666f,\u7a81\u51fa\u767d\u8272\u5361\u7247 *\/\n        max-width: 1440px;\n        margin: 0 auto;\n    }<\/p>\n<p>    \/* --- \u6807\u9898\u533a\u57df --- *\/\n    .rx-section-header {\n        text-align: center;\n        margin-bottom: 60px;\n    }<\/p>\n<p>    .rx-section-title {\n        font-size: 32px;\n        font-weight: 700;\n        color: #1a1a1a;\n        margin-bottom: 15px;\n        text-transform: uppercase;\n        letter-spacing: 2px;\n    }<\/p>\n<p>    .rx-section-subtitle {\n        font-size: 16px;\n        color: #666;\n        max-width: 600px;\n        margin: 0 auto;\n        line-height: 1.6;\n    }<\/p>\n<p>    \/* --- \u7f51\u683c\u5e03\u5c40 --- *\/\n    .rx-product-grid {\n        display: grid;\n        \/* \u684c\u9762\u7aef3\u5217,\u5e73\u677f2\u5217,\u624b\u673a1\u5217 *\/\n        grid-template-columns: repeat(auto-fill, minmax(350px, 1fr)); \n        gap: 40px;\n    }<\/p>\n<p>    \/* --- \u4ea7\u54c1\u5361\u7247 --- *\/\n    .rx-product-card {\n        background: #ffffff;\n        border-radius: 8px;\n        overflow: hidden;\n        transition: all 0.3s ease;\n        border: 1px solid #eee;\n        display: flex;\n        flex-direction: column;\n    }<\/p>\n<p>    .rx-product-card:hover {\n        transform: translateY(-5px); \/* \u60ac\u505c\u4e0a\u6d6e *\/\n        box-shadow: 0 20px 40px rgba(0,0,0,0.08);\n        border-color: transparent;\n    }<\/p>\n<p>    \/* --- \u56fe\u7247\u5bb9\u5668 - \u4fee\u6539\u4e3a\u5b8c\u6574\u663e\u793a --- *\/\n    .rx-img-wrapper {\n        position: relative;\n        width: 100%;\n        height: auto;\n        min-height: 350px;\n        overflow: hidden;\n        background: linear-gradient(135deg, #f8f8f8 0%, #f0f0f0 100%);\n        display: flex;\n        align-items: center;\n        justify-content: center;\n        padding: 30px;\n    }<\/p>\n<p>    .rx-product-img {\n        width: 100%;\n        height: auto;\n        max-height: 400px;\n        object-fit: contain; \/* \u6539\u4e3a contain \u786e\u4fdd\u56fe\u7247\u5b8c\u6574\u663e\u793a *\/\n        transition: transform 0.5s ease;\n        display: block;\n    }<\/p>\n<p>    .rx-product-card:hover .rx-product-img {\n        transform: scale(1.05); \/* \u56fe\u7247\u5fae\u653e\u5927 *\/\n    }<\/p>\n<p>    \/* --- \u5185\u5bb9\u533a\u57df --- *\/\n    .rx-card-content {\n        padding: 25px;\n        flex-grow: 1;\n        display: flex;\n        flex-direction: column;\n        text-align: center;\n    }<\/p>\n<p>    .rx-card-title {\n        font-size: 18px;\n        font-weight: 700;\n        color: #1a1a1a;\n        margin: 0 0 10px 0;\n        text-transform: uppercase;\n        letter-spacing: 0.5px;\n    }<\/p>\n<p>    .rx-card-desc {\n        font-size: 14px;\n        color: #777;\n        line-height: 1.5;\n        margin-bottom: 25px;\n        flex-grow: 1; \/* \u8ba9\u63cf\u8ff0\u5360\u636e\u5269\u4f59\u7a7a\u95f4,\u4fdd\u8bc1\u6309\u94ae\u5bf9\u9f50 *\/\n    }<\/p>\n<p>    \/* --- \u6309\u94ae\u7ec4 --- *\/\n    .rx-btn-group {\n        display: flex;\n        gap: 15px;\n        justify-content: center;\n    }<\/p>\n<p>    .rx-btn {\n        flex: 1;\n        padding: 12px 0;\n        font-size: 13px;\n        font-weight: 700;\n        text-transform: uppercase;\n        text-decoration: none;\n        border-radius: 4px;\n        transition: all 0.2s ease;\n        text-align: center;\n        letter-spacing: 0.5px;\n        cursor: pointer;\n    }<\/p>\n<p>    \/* View More \u6309\u94ae\u98ce\u683c (\u9ed1\u8fb9\u6846) *\/\n    .rx-btn-view {\n        background: transparent;\n        border: 1px solid #e0e0e0;\n        color: #1a1a1a;\n    }<\/p>\n<p>    .rx-btn-view:hover {\n        border-color: #000;\n        background: #000;\n        color: #fff;\n    }<\/p>\n<p>    \/* Ask Quote \u6309\u94ae\u98ce\u683c (\u54c1\u724c\u6a59) *\/\n    .rx-btn-quote {\n        background-color: #ff5500; \/* \u4f60\u7684\u54c1\u724c\u6a59 *\/\n        border: 1px solid #ff5500;\n        color: #ffffff;\n    }<\/p>\n<p>    .rx-btn-quote:hover {\n        background-color: #e04b00;\n        border-color: #e04b00;\n    }<\/p>\n<p>    \/* --- \u54cd\u5e94\u5f0f\u9002\u914d --- *\/\n    @media (max-width: 768px) {\n        .rx-product-grid {\n            grid-template-columns: 1fr; \/* \u624b\u673a\u7aef\u5355\u5217 *\/\n            gap: 30px;\n        }\n        .rx-section-title {\n            font-size: 24px;\n        }\n        .rx-img-wrapper {\n            min-height: 280px;\n            padding: 20px;\n        }\n        .rx-product-img {\n            max-height: 320px;\n        }\n    }\n<\/style>\n<div class=\"rx-catalog-section\">\n    <!-- \u5934\u90e8\u6807\u9898 --><\/p>\n<div class=\"rx-section-header\">\n<h2 class=\"rx-section-title\">Men&#8217;s Gloves Collection<\/h2>\n<p class=\"rx-section-subtitle\">\n            Discover our premium range of men&#8217;s gloves, engineered for style, warmth, and durability. From classic leather to modern technical fabrics.\n        <\/p>\n<\/p><\/div>\n<p>    <!-- \u4ea7\u54c1\u7f51\u683c --><\/p>\n<div class=\"rx-product-grid\">\n<p>        <!-- Product 1: Leather Gloves --><\/p>\n<div class=\"rx-product-card\">\n<div class=\"rx-img-wrapper\">\n                <img height=\"800\" width=\"800\" decoding=\"async\" src=\"https:\/\/www.rxgloves.com\/wp-content\/uploads\/2025\/12\/Men-Contrast-Edition-leather-gloves.jpg\" alt=\"Gants en Cuir pour Hommes\" class=\"rx-product-img\">\n            <\/div>\n<div class=\"rx-card-content\">\n<h3 class=\"rx-card-title\">Gants en cuir<\/h3>\n<p class=\"rx-card-desc\">\n                    Sophistication intemporelle fabriqu\u00e9e \u00e0 partir de peau de mouton et de daim de qualit\u00e9 sup\u00e9rieure. La combinaison parfaite de durabilit\u00e9 et de luxe.\n                <\/p>\n<div class=\"rx-btn-group\">\n                    <a href=\"https:\/\/www.rxgloves.com\/fr\/produits\/gants-pour-hommes\/fabricant-de-gants-en-cuir-pour-hommes\/\" class=\"rx-btn rx-btn-view\" target=\"_blank\">Voir Plus<\/a><br \/>\n                    <a href=\"https:\/\/www.rxgloves.com\/fr\/gants-rx-de-contact\/\" class=\"rx-btn rx-btn-quote\" target=\"_blank\">Demander un Devis<\/a>\n                <\/div>\n<\/p><\/div>\n<\/p><\/div>\n<p>        <!-- Product 2: Vegan \/ PU Leather --><\/p>\n<div class=\"rx-product-card\">\n<div class=\"rx-img-wrapper\">\n                <img loading=\"lazy\" height=\"2560\" width=\"1920\" decoding=\"async\" src=\"https:\/\/www.rxgloves.com\/wp-content\/uploads\/2025\/12\/Mens-vegan-leather-gloves-with-fur-cuff-scaled.jpg\" alt=\"Gants en Cuir PU V\u00e9g\u00e9talien\" class=\"rx-product-img\">\n            <\/div>\n<div class=\"rx-card-content\">\n<h3 class=\"rx-card-title\">V\u00e9g\u00e9talien \/ Cuir PU<\/h3>\n<p class=\"rx-card-desc\">\n                    Style \u00e9thique allie abordabilit\u00e9. Cuir synth\u00e9tique de haute qualit\u00e9 offrant une excellente r\u00e9sistance aux intemp\u00e9ries et un look \u00e9l\u00e9gant.\n                <\/p>\n<div class=\"rx-btn-group\">\n                    <a href=\"https:\/\/www.rxgloves.com\/fr\/produits\/gants-pour-hommes\/fournisseur-oem-de-gants-en-cuir-vegan-pour-hommes-sur-mesure\/\" class=\"rx-btn rx-btn-view\" target=\"_blank\">Voir Plus<\/a><br \/>\n                    <a href=\"https:\/\/www.rxgloves.com\/fr\/gants-rx-de-contact\/\" class=\"rx-btn rx-btn-quote\" target=\"_blank\">Demander un Devis<\/a>\n                <\/div>\n<\/p><\/div>\n<\/p><\/div>\n<p>        <!-- Product 3: Cotton Gloves --><\/p>\n<div class=\"rx-product-card\">\n<div class=\"rx-img-wrapper\">\n                <img loading=\"lazy\" height=\"1707\" width=\"1280\" decoding=\"async\" class=\"rx-product-img\" src=\"https:\/\/www.rxgloves.com\/wp-content\/uploads\/2026\/01\/cotton-gloves-3.jpg\" style=\"\">\n            <\/div>\n<div class=\"rx-card-content\">\n<h3 class=\"rx-card-title\">Gants en coton<\/h3>\n<p class=\"rx-card-desc\">\n                    Doux, respirant et polyvalent. Id\u00e9al pour l'inspection formelle, le port quotidien ou une protection l\u00e9g\u00e8re avec un confort maximal.\n                <\/p>\n<div class=\"rx-btn-group\">\n                    <a href=\"https:\/\/www.rxgloves.com\/fr\/produits\/gants-pour-hommes\/gants-en-coton-pour-hommes\/\" class=\"rx-btn rx-btn-view\" target=\"_blank\">Voir Plus<\/a><br \/>\n                    <a href=\"https:\/\/www.rxgloves.com\/fr\/gants-rx-de-contact\/\" class=\"rx-btn rx-btn-quote\" target=\"_blank\">Demander un Devis<\/a>\n                <\/div>\n<\/p><\/div>\n<\/p><\/div>\n<p>        <!-- Product 4: Mittens --><\/p>\n<div class=\"rx-product-card\">\n<div class=\"rx-img-wrapper\">\n                <img loading=\"lazy\" height=\"1024\" width=\"1024\" decoding=\"async\" src=\"https:\/\/www.rxgloves.com\/wp-content\/uploads\/2025\/12\/Mens-leather-mittens.png\" alt=\"Mitaines pour Hommes\" class=\"rx-product-img\">\n            <\/div>\n<div class=\"rx-card-content\">\n<h3 class=\"rx-card-title\">Mitaines Classiques<\/h3>\n<p class=\"rx-card-desc\">\n                    R\u00e9tention de chaleur sup\u00e9rieure pour les jours les plus froids. Allie charme r\u00e9tro et technologie d'isolation moderne.\n                <\/p>\n<div class=\"rx-btn-group\">\n                    <a href=\"https:\/\/www.rxgloves.com\/fr\/produits\/gants-pour-hommes\/gants-de-mitten-pour-hommes\/\" class=\"rx-btn rx-btn-view\" target=\"_blank\">Voir Plus<\/a><br \/>\n                    <a href=\"https:\/\/www.rxgloves.com\/fr\/gants-rx-de-contact\/\" class=\"rx-btn rx-btn-quote\" target=\"_blank\">Demander un Devis<\/a>\n                <\/div>\n<\/p><\/div>\n<\/p><\/div>\n<p>        <!-- Product 5: Winter Gloves --><\/p>\n<div class=\"rx-product-card\">\n<div class=\"rx-img-wrapper\">\n                <img loading=\"lazy\" height=\"2560\" width=\"1920\" decoding=\"async\" src=\"https:\/\/www.rxgloves.com\/wp-content\/uploads\/2025\/12\/Mens-knit-thinsulate-gloves-scaled.jpg\" alt=\"Gants Thermiques d&#039;Hiver\" class=\"rx-product-img\">\n            <\/div>\n<div class=\"rx-card-content\">\n<h3 class=\"rx-card-title\">Thermique d'Hiver<\/h3>\n<p class=\"rx-card-desc\">\n                    Con\u00e7u pour les conditions m\u00e9t\u00e9orologiques extr\u00eames. Dot\u00e9 d'une doublure avanc\u00e9e Thinsulate\u2122 pour garder les mains au chaud sans encombrement.\n                <\/p>\n<div class=\"rx-btn-group\">\n                    <a href=\"https:\/\/www.rxgloves.com\/fr\/produits\/gants-pour-hommes\/gants-dhiver-pour-hommes-en-gros\/\" class=\"rx-btn rx-btn-view\" target=\"_blank\">Voir Plus<\/a><br \/>\n                    <a href=\"https:\/\/www.rxgloves.com\/fr\/gants-rx-de-contact\/\" class=\"rx-btn rx-btn-quote\" target=\"_blank\">Demander un Devis<\/a>\n                <\/div>\n<\/p><\/div>\n<\/p><\/div>\n<p>        <!-- Product 6: Touchscreen Gloves --><\/p>\n<div class=\"rx-product-card\">\n<div class=\"rx-img-wrapper\">\n                <img loading=\"lazy\" height=\"869\" width=\"894\" decoding=\"async\" src=\"https:\/\/www.rxgloves.com\/wp-content\/uploads\/2025\/12\/Mens-sports-touchscreen-gloves.png\" alt=\"Gants \u00e0 \u00e9cran tactile\" class=\"rx-product-img\">\n            <\/div>\n<div class=\"rx-card-content\">\n<h3 class=\"rx-card-title\">Gants \u00e0 \u00e9cran tactile<\/h3>\n<p class=\"rx-card-desc\">\n                    Restez connect\u00e9 dans le froid. Les bouts de doigts conducteurs vous permettent d'utiliser smartphones et tablettes sans probl\u00e8me.\n                <\/p>\n<div class=\"rx-btn-group\">\n                    <a href=\"https:\/\/www.rxgloves.com\/fr\/produits\/gants-pour-hommes\/gants-tactiles-pour-hommes\/\" class=\"rx-btn rx-btn-view\" target=\"_blank\">Voir Plus<\/a><br \/>\n                    <a href=\"https:\/\/www.rxgloves.com\/fr\/gants-rx-de-contact\/\" class=\"rx-btn rx-btn-quote\" target=\"_blank\">Demander un Devis<\/a>\n                <\/div>\n<\/p><\/div>\n<\/p><\/div>\n<\/p><\/div>\n<\/div>\n<p><!-- RX Gloves Product Catalog Section End --><\/p>","protected":false},"excerpt":{"rendered":"<p>Men&#8217;s Gloves Collection Discover our premium range of men&#8217;s gloves, engineered for style, warmth, and durability. From classic leather to modern technical fabrics. Leather Gloves Timeless sophistication crafted from premium sheepskin and deerskin. The perfect blend of durability and luxury. View More Ask a Quote Vegan \/ PU Leather Ethical style meets affordability. High-quality synthetic [&hellip;]<\/p>\n","protected":false},"author":1,"featured_media":5532,"parent":5410,"menu_order":0,"comment_status":"closed","ping_status":"closed","template":"elementor_header_footer","meta":{"footnotes":""},"class_list":["post-5415","page","type-page","status-publish","has-post-thumbnail","hentry"],"_links":{"self":[{"href":"https:\/\/www.rxgloves.com\/fr\/wp-json\/wp\/v2\/pages\/5415","targetHints":{"allow":["GET"]}}],"collection":[{"href":"https:\/\/www.rxgloves.com\/fr\/wp-json\/wp\/v2\/pages"}],"about":[{"href":"https:\/\/www.rxgloves.com\/fr\/wp-json\/wp\/v2\/types\/page"}],"author":[{"embeddable":true,"href":"https:\/\/www.rxgloves.com\/fr\/wp-json\/wp\/v2\/users\/1"}],"replies":[{"embeddable":true,"href":"https:\/\/www.rxgloves.com\/fr\/wp-json\/wp\/v2\/comments?post=5415"}],"version-history":[{"count":2,"href":"https:\/\/www.rxgloves.com\/fr\/wp-json\/wp\/v2\/pages\/5415\/revisions"}],"predecessor-version":[{"id":5479,"href":"https:\/\/www.rxgloves.com\/fr\/wp-json\/wp\/v2\/pages\/5415\/revisions\/5479"}],"up":[{"embeddable":true,"href":"https:\/\/www.rxgloves.com\/fr\/wp-json\/wp\/v2\/pages\/5410"}],"wp:featuredmedia":[{"embeddable":true,"href":"https:\/\/www.rxgloves.com\/fr\/wp-json\/wp\/v2\/media\/5532"}],"wp:attachment":[{"href":"https:\/\/www.rxgloves.com\/fr\/wp-json\/wp\/v2\/media?parent=5415"}],"curies":[{"name":"wp","href":"https:\/\/api.w.org\/{rel}","templated":true}]}}